{"id":148,"date":"2023-10-12T20:08:12","date_gmt":"2023-10-12T18:08:12","guid":{"rendered":"https:\/\/amazing-panini.146-59-153-130.plesk.page\/?page_id=148"},"modified":"2023-10-12T20:08:12","modified_gmt":"2023-10-12T18:08:12","slug":"politica-de-cookies","status":"publish","type":"page","link":"https:\/\/dmturismo.com\/fr\/politica-de-cookies\/","title":{"rendered":"Politique en mati\u00e8re de cookies"},"content":{"rendered":"<h3 class=\"wp-block-heading\">Qu'est-ce qu'un cookie ?<\/h3>\n\n\n\n<p>Un cookie est un fichier&nbsp;<strong>inoffensif<\/strong>&nbsp;qui est t\u00e9l\u00e9charg\u00e9 sur votre ordinateur lorsque vous acc\u00e9dez \u00e0 certains sites web. Les cookies permettent \u00e0 un site web, entre autres, de stocker et de r\u00e9cup\u00e9rer des informations sur les habitudes de navigation d'un utilisateur ou sur son \u00e9quipement et, en fonction des informations qu'ils contiennent et de la mani\u00e8re dont il utilise son \u00e9quipement.<\/p>\n\n\n\n<p>Ainsi, il existe des cookies qui permettent d'obtenir des informations relatives au nombre de pages visit\u00e9es, \u00e0 la ville \u00e0 laquelle est attribu\u00e9e l'adresse IP \u00e0 partir de laquelle on y acc\u00e8de, au nombre de nouveaux utilisateurs, \u00e0 la fr\u00e9quence et \u00e0 la r\u00e9currence des visites, \u00e0 l'heure de la visite, au navigateur, \u00e0 l'op\u00e9rateur ou au type de terminal \u00e0 partir duquel la visite est effectu\u00e9e.<\/p>\n\n\n\n<h3 class=\"wp-block-heading\">Qu'est-ce qui N'EST PAS un&nbsp;<em>biscuit<\/em>?<\/h3>\n\n\n\n<p>Il ne s'agit pas d'un virus, d'un cheval de Troie, d'un ver, d'un spam, d'un logiciel espion ou d'une fen\u00eatre contextuelle.<\/p>\n\n\n\n<h3 class=\"wp-block-heading\">Quelles sont les informations stock\u00e9es dans un&nbsp;<em>biscuit<\/em>?<\/h3>\n\n\n\n<p>Les&nbsp;<em>biscuits<\/em>&nbsp;ne stockent g\u00e9n\u00e9ralement pas d'informations sensibles vous concernant, telles que votre carte de cr\u00e9dit ou vos coordonn\u00e9es bancaires, des photographies, votre carte d'identit\u00e9 ou des informations personnelles, etc. Les donn\u00e9es qu'ils stockent sont de nature technique, pr\u00e9f\u00e9rences personnelles, personnalisation du contenu, etc.<\/p>\n\n\n\n<p>Le serveur web ne vous associe pas en tant que personne, mais \u00e0 votre navigateur web. En fait, si vous naviguez habituellement avec Internet Explorer et que vous essayez de naviguer sur le m\u00eame site web avec Firefox ou Chrome, vous verrez que le site web ne se rend pas compte que vous \u00eates la m\u00eame personne parce qu'il associe en fait le navigateur, et non la personne.<\/p>\n\n\n\n<h3 class=\"wp-block-heading\">Que se passe-t-il si je d\u00e9sactive le&nbsp;<em>biscuits<\/em>?<\/h3>\n\n\n\n<p>Afin de vous permettre de comprendre dans quelle mesure vous pouvez d\u00e9sactiver la fonction&nbsp;<em>biscuits<\/em>&nbsp;Voici quelques exemples :<\/p>\n\n\n\n<ul class=\"wp-block-list\">\n<li>Vous ne pourrez pas partager le contenu de ce site web sur Facebook, Twitter ou tout autre r\u00e9seau social.<\/li>\n\n\n\n<li>Le site web ne sera pas en mesure d'adapter le contenu \u00e0 vos pr\u00e9f\u00e9rences personnelles, comme c'est souvent le cas pour les boutiques en ligne.<\/li>\n\n\n\n<li>Vous ne pourrez pas acc\u00e9der \u00e0 l'espace personnel du site, par exemple&nbsp;<em>Mon compte<\/em>, o&nbsp;<em>Mon profil<\/em>&nbsp;o&nbsp;<em>Mes commandes<\/em>.<\/li>\n\n\n\n<li>Magasins en ligne : il vous sera impossible de faire des achats en ligne, vous devrez le faire par t\u00e9l\u00e9phone ou en vous rendant dans le magasin physique si vous en avez un.<\/li>\n\n\n\n<li>Il ne sera pas possible de personnaliser vos pr\u00e9f\u00e9rences g\u00e9ographiques telles que le fuseau horaire, la devise ou la langue.<\/li>\n\n\n\n<li>Le site web ne sera pas en mesure d'effectuer des analyses sur les visiteurs et le trafic web, ce qui rendra le site web difficilement comp\u00e9titif.<\/li>\n\n\n\n<li>Vous ne pourrez pas \u00e9crire sur le blog, t\u00e9l\u00e9charger des photos, publier des commentaires, \u00e9valuer ou noter le contenu. Le site web ne pourra pas savoir si vous \u00eates un humain ou une application automatis\u00e9e qui publie du contenu.&nbsp;<em>spam<\/em>.<\/li>\n\n\n\n<li>Il ne sera pas possible d'afficher de la publicit\u00e9 cibl\u00e9e, ce qui r\u00e9duira les recettes publicitaires du site web.<\/li>\n\n\n\n<li>Tous les r\u00e9seaux sociaux utilisent&nbsp;<em>biscuits<\/em>Si vous les d\u00e9sactivez, vous ne pourrez utiliser aucun r\u00e9seau social.<\/li>\n<\/ul>\n\n\n\n<h3 class=\"wp-block-heading\">Quels sont les types de cookies ?<\/h3>\n\n\n\n<ul class=\"wp-block-list\">\n<li>Les types de cookies, en fonction de l'entit\u00e9 qui g\u00e8re l'\u00e9quipement ou le domaine \u00e0 partir duquel les cookies sont envoy\u00e9s et qui traite les donn\u00e9es obtenues, peuvent \u00eatre distingu\u00e9s :\n<ol class=\"wp-block-list\">\n<li>Cookies essentiels : ce sont ceux qui sont envoy\u00e9s \u00e0 l'\u00e9quipement terminal de l'utilisateur \u00e0 partir d'un ordinateur ou d'un domaine g\u00e9r\u00e9 par l'\u00e9diteur lui-m\u00eame et \u00e0 partir duquel le service demand\u00e9 par l'utilisateur est fourni.<\/li>\n\n\n\n<li>Cookies de tiers : il s'agit de cookies envoy\u00e9s \u00e0 l'\u00e9quipement terminal de l'utilisateur \u00e0 partir d'un ordinateur ou d'un domaine qui n'est pas g\u00e9r\u00e9 par l'\u00e9diteur, mais par une autre entit\u00e9 qui traite les donn\u00e9es obtenues par le biais des cookies.<\/li>\n<\/ol>\n<\/li>\n<\/ul>\n\n\n\n<p>Dans le cas o\u00f9 les cookies sont install\u00e9s \u00e0 partir d'un ordinateur ou d'un domaine g\u00e9r\u00e9 par l'\u00e9diteur lui-m\u00eame mais que les informations collect\u00e9es par ce biais sont g\u00e9r\u00e9es par un tiers, ils ne peuvent pas \u00eatre consid\u00e9r\u00e9s comme des cookies propres.<\/p>\n\n\n\n<h3 class=\"wp-block-heading\">Cookie DART<\/h3>\n\n\n\n<ul class=\"wp-block-list\">\n<li>Vous pouvez d\u00e9sactiver l'utilisation du cookie DART du syst\u00e8me d'annonces de Google en vous rendant \u00e0 l'adresse suivante&nbsp;<a href=\"https:\/\/policies.google.com\/?hl=es\" target=\"_blank\" rel=\"noreferrer noopener\">Centre de confidentialit\u00e9 de Google<\/a>.<\/li>\n<\/ul>\n\n\n\n<p>En outre, les navigateurs peuvent \u00e9galement permettre aux utilisateurs d'afficher et d'effacer les informations suivantes&nbsp;<em>biscuits<\/em>&nbsp;individuellement. Plus d'informations sur le&nbsp;<em>Cookies<\/em>&nbsp;fr :&nbsp;<a href=\"https:\/\/es.wikipedia.org\/wiki\/Cookie\" target=\"_blank\" rel=\"noreferrer noopener\">Wikipedia (en anglais)<\/a><\/p>\n\n\n\n<h3 class=\"wp-block-heading\">Web&nbsp;<em>Balises<\/em><\/h3>\n\n\n\n<p>Ce site peut \u00e9galement accueillir&nbsp;<em>balises web<\/em>&nbsp;(\u00e9galement connu sous le nom de&nbsp;<em>bogues du web<\/em>). Les&nbsp;<em>balises web<\/em>&nbsp;sont g\u00e9n\u00e9ralement de petites images d'un pixel sur un pixel, visibles ou invisibles, plac\u00e9es dans le code source des pages web d'un site. Les&nbsp;<em>balises web<\/em>&nbsp;et sont utilis\u00e9s de la m\u00eame mani\u00e8re que les&nbsp;<em>biscuits<\/em>.<\/p>\n\n\n\n<p>En outre, le&nbsp;<em>balises web<\/em>&nbsp;sont souvent utilis\u00e9s pour mesurer le nombre d'utilisateurs qui visitent une page web afin d'obtenir un profil des utilisateurs d'un site. Vous avez plus d'informations sur les&nbsp;<em>balises web<\/em>&nbsp;fr :&nbsp;<a href=\"https:\/\/es.wikipedia.org\/wiki\/Web_bug\" target=\"_blank\" rel=\"noreferrer noopener\">Wikipedia (en anglais)<\/a><\/p>\n\n\n\n<h3 class=\"wp-block-heading\">Cookies de tiers<\/h3>\n\n\n\n<p>Dans certains cas, nous partageons des informations sur les visiteurs de ce site sur une base anonyme ou agr\u00e9g\u00e9e avec des tiers tels que des annonceurs, des sponsors ou des auditeurs dans le seul but d'am\u00e9liorer nos services.<\/p>\n\n\n\n<p>Toutes ces t\u00e2ches de traitement seront r\u00e9glement\u00e9es conform\u00e9ment aux dispositions l\u00e9gales et tous vos droits en mati\u00e8re de protection des donn\u00e9es seront respect\u00e9s conform\u00e9ment aux dispositions applicables.<\/p>\n\n\n\n<p>Ce site mesure le trafic avec diff\u00e9rentes solutions que vous pouvez utiliser&nbsp;<em>biscuits<\/em>&nbsp;o&nbsp;<em>balises web<\/em>&nbsp;pour analyser ce qui se passe sur nos pages.<\/p>\n\n\n\n<p>Nous utilisons actuellement les solutions suivantes pour mesurer le trafic sur ce site. Vous pouvez obtenir plus d'informations sur la politique de confidentialit\u00e9 de chacune des solutions utilis\u00e9es \u00e0 cette fin :<\/p>\n\n\n\n<ul class=\"wp-block-list\">\n<li><a href=\"https:\/\/www.google.com\/intl\/es\/policies\/privacy\/partners\/\" target=\"_blank\" rel=\"noreferrer noopener\">Comment Google utilise les donn\u00e9es collect\u00e9es sur les sites web<\/a><\/li>\n\n\n\n<li>Google Tag Manager :&nbsp;<a href=\"https:\/\/policies.google.com\/?hl=es\" target=\"_blank\" rel=\"noreferrer noopener\">R\u00e8gles de confidentialit\u00e9 de Google Analytics et Tag Manager<\/a>&nbsp;(<em>Si vous le souhaitez, vous pouvez d\u00e9sactiver le suivi de Google Analytics via&nbsp;<a href=\"https:\/\/tools.google.com\/dlpage\/gaoptout\" target=\"_blank\" rel=\"noreferrer noopener\">ce plug-in de navigateur propos\u00e9 par Google<\/a><\/em>)<\/li>\n<\/ul>\n\n\n\n<p>Ce site peut \u00e9galement contenir de la publicit\u00e9 propre, provenant d'affili\u00e9s ou de r\u00e9seaux publicitaires. Ces publicit\u00e9s sont affich\u00e9es par l'interm\u00e9diaire de serveurs publicitaires qui utilisent \u00e9galement les technologies de l'information et de la communication (TIC).&nbsp;<em>biscuits<\/em>&nbsp;d'afficher des contenus publicitaires connexes aux utilisateurs.<\/p>\n\n\n\n<p>Chacun de ces serveurs publicitaires a sa propre politique de confidentialit\u00e9, qui peut \u00eatre consult\u00e9e sur son propre site web.<\/p>\n\n\n\n<h3 class=\"wp-block-heading\">Quels sont les types de cookies utilis\u00e9s sur ce site web ?<\/h3>\n\n\n\n<p>Lorsque vous acc\u00e9dez au site Web des Histoires vraies, nous vous informons que si vous continuez \u00e0 naviguer, divers cookies propres et de tiers correspondant \u00e0 l'analyse Web (par exemple : Google Tag Manager ou des outils similaires) seront install\u00e9s pour aider le site Web \u00e0 analyser l'utilisation que vous faites du site Web et \u00e0 am\u00e9liorer sa convivialit\u00e9, mais en aucun cas ils ne sont associ\u00e9s \u00e0 des donn\u00e9es qui pourraient vous identifier.<\/p>\n\n\n\n<p>Les donn\u00e9es qu'ils stockent sont de nature technique, pr\u00e9f\u00e9rences personnelles, personnalisation du contenu, etc. Le serveur web ne vous associe pas en tant que personne, mais votre navigateur web.<\/p>\n\n\n\n<p>Si vous laissez un commentaire sur notre site, vous pouvez choisir d'afficher votre image Gravatar, votre choix sera stock\u00e9 dans un cookie. Votre choix sera stock\u00e9 dans un cookie. C'est pour votre commodit\u00e9, afin que vous n'ayez pas \u00e0 remplir la case \u00e0 nouveau lorsque vous laissez un autre commentaire. Ces cookies ont une dur\u00e9e de vie d'un an.<\/p>\n\n\n\n<p>Ce site web utilise ses propres cookies et ceux de tiers pour vous offrir une meilleure exp\u00e9rience de navigation, partager des contenus sur les r\u00e9seaux sociaux, laisser des commentaires et obtenir des statistiques sur nos utilisateurs.<\/p>\n\n\n\n<p>En tant qu'utilisateur, vous pouvez vous opposer au traitement des donn\u00e9es ou des informations en bloquant ces cookies \u00e0 l'aide des param\u00e8tres appropri\u00e9s de votre navigateur.<\/p>\n\n\n\n<p>Cependant, vous devez savoir que si vous le faites, ce site pourrait ne pas fonctionner correctement. Il est donc important que vous lisiez cette politique en mati\u00e8re de cookies et que vous compreniez que si vous continuez \u00e0 naviguer, nous consid\u00e9rons que vous en acceptez l'utilisation.<\/p>\n\n\n\n<p>Vous pouvez modifier les param\u00e8tres de votre navigateur pour \u00eatre inform\u00e9 de la r\u00e9ception de cookies sur votre appareil ou d\u00e9sactiver la possibilit\u00e9 de stocker des cookies sur votre appareil si vous le souhaitez.<\/p>\n\n\n\n<p>Le tableau suivant identifie, \u00e0 titre d'exemple uniquement, les cookies les plus importants utilis\u00e9s sur ce site, en pr\u00e9cisant s'il s'agit de cookies propres ou de cookies de tiers (et en identifiant le tiers contract\u00e9 ou dont ils ont d\u00e9cid\u00e9 d'utiliser les services) et leur finalit\u00e9.<\/p>\n\n\n\n<figure class=\"wp-block-table\"><table><tbody><tr><td><strong>PROPRES COOKIES<\/strong><\/td><\/tr><tr><td><strong>Cookies<\/strong><\/td><td><strong>Informations<\/strong><\/td><td><strong>Objectif<\/strong><\/td><\/tr><tr><td>Strictement n\u00e9cessaire<\/td><td>C. session d'authentification ou d'identification de l'utilisateur C. s\u00e9curit\u00e9 de l'utilisateur C. session du lecteur multim\u00e9dia C. session d'\u00e9quilibrage de charge C. personnalisation de l'interface utilisateur C. plug-in pour le partage et l'\u00e9change de contenu social (Facebook et twitter) C. pour remplir les formulaires du syst\u00e8me de retour d'information C. rappel de l'acceptation des cookies. C. pour la s\u00e9curit\u00e9 du CDN CloudFlare<\/td><td>Ils sont utilis\u00e9s pour fournir des services ou m\u00e9moriser des param\u00e8tres afin d'am\u00e9liorer votre exp\u00e9rience de navigation sur notre site web.<\/td><\/tr><tr><td><strong>TIERS \/ COOKIES SUPPL\u00c9MENTAIRES<\/strong><\/td><\/tr><tr><td><strong>Cookies<\/strong><\/td><td><strong>Informations<\/strong><\/td><td><strong>Objectif<\/strong><\/td><\/tr><tr><td>&nbsp;Analyse - Google Analytics, Google Tag Manager<\/td><td>Nombre de visites, pages ou sections visit\u00e9es, temps de navigation, sites visit\u00e9s avant d'acc\u00e9der \u00e0 cette page, d\u00e9tails des navigateurs utilis\u00e9s<\/td><td>Rapports statistiques sur le trafic du site, son audience totale et l'audience d'une campagne publicitaire donn\u00e9e<\/td><\/tr><\/tbody><\/table><\/figure>\n\n\n\n<p>Politique de confidentialit\u00e9 et utilisation de cookies de&nbsp;<a href=\"https:\/\/policies.google.com\/privacy\" target=\"_blank\" rel=\"noreferrer noopener\">Google Analytics et Google Tag Manager<\/a>.<\/p>\n\n\n\n<p>Il existe \u00e9galement des cookies correspondant aux r\u00e9seaux sociaux utilis\u00e9s par ce site web, qui ont leurs propres politiques en mati\u00e8re de cookies.<\/p>\n\n\n\n<ul class=\"wp-block-list\">\n<li>Twitter Cookie, comme pr\u00e9vu dans son&nbsp;<a href=\"https:\/\/twitter.com\/privacy\" target=\"_blank\" rel=\"noreferrer noopener\">politique de confidentialit\u00e9 et utilisation de cookies<\/a>.<\/li>\n\n\n\n<li>Cookie Facebook, conform\u00e9ment aux dispositions de son&nbsp;<a href=\"https:\/\/www.facebook.com\/help\/cookies?ref_type=sitefooter\" target=\"_blank\" rel=\"noreferrer noopener\">Politique en mati\u00e8re de cookies<\/a><\/li>\n\n\n\n<li>Google+ Cookie et Google Maps, comme indiqu\u00e9 sur la page sur laquelle il est indiqu\u00e9&nbsp;<a href=\"https:\/\/www.google.com\/intl\/es\/policies\/technologies\/types\/\" target=\"_blank\" rel=\"noreferrer noopener\">type de cookies utilis\u00e9s<\/a><\/li>\n\n\n\n<li>Cookie Pinterest, comme indiqu\u00e9 dans son&nbsp;<a href=\"https:\/\/about.pinterest.com\/es\/privacy-policy\" target=\"_blank\" rel=\"noreferrer noopener\">Politique de confidentialit\u00e9 et utilisation de cookies<\/a><\/li>\n\n\n\n<li>Cookie Gravatar, tel que pr\u00e9vu dans le document&nbsp;<a href=\"https:\/\/automattic.com\/privacy\/\" target=\"_blank\" rel=\"noreferrer noopener\">Politique de confidentialit\u00e9 d'Automattic<\/a>.<\/li>\n<\/ul>\n\n\n\n<h3 class=\"wp-block-heading\">Comment g\u00e9rez-vous les&nbsp;<em>biscuits<\/em>?<\/h3>\n\n\n\n<p>Les cookies \u00e9tant des fichiers texte normaux, ils peuvent \u00eatre consult\u00e9s avec la plupart des \u00e9diteurs de texte ou des programmes de traitement de texte. Vous pouvez cliquer sur un cookie pour l'ouvrir.<\/p>\n\n\n\n<p>Vous trouverez ci-dessous une liste de liens permettant de visualiser les cookies dans diff\u00e9rents navigateurs. Si vous utilisez un autre navigateur, veuillez consulter les informations relatives aux cookies dans le navigateur lui-m\u00eame. Si vous utilisez un t\u00e9l\u00e9phone portable, veuillez consulter le manuel de votre appareil pour plus d'informations.<\/p>\n\n\n\n<ul class=\"wp-block-list\">\n<li><a href=\"https:\/\/support.mozilla.org\/en-US\/kb\/cookies-information-websites-store-on-your-computer\" target=\"_blank\" rel=\"noreferrer noopener\">Firefox<\/a><\/li>\n\n\n\n<li><a href=\"https:\/\/support.google.com\/chrome\/bin\/answer.py?hl=en&amp;answer=95647&amp;topic=14666&amp;ctx=topic\" target=\"_blank\" rel=\"noreferrer noopener\">Chrome et tout navigateur bas\u00e9 sur Chromium (Brave, Tor, etc.)<\/a><\/li>\n\n\n\n<li><a href=\"http:\/\/windows.microsoft.com\/en-US\/internet-explorer\/delete-manage-cookies\" target=\"_blank\" rel=\"noreferrer noopener\">Internet Explorer 8-10<\/a><\/li>\n\n\n\n<li><a href=\"https:\/\/support.microsoft.com\/es-es\/help\/4468242\/microsoft-edge-browsing-data-and-privacy-microsoft-privacy\" target=\"_blank\" rel=\"noreferrer noopener\">Bord<\/a><\/li>\n\n\n\n<li><a href=\"https:\/\/support.apple.com\/kb\/ph5042\" target=\"_blank\" rel=\"noreferrer noopener\">Safari<\/a><\/li>\n\n\n\n<li><a href=\"http:\/\/help.opera.com\/Windows\/12.00\/es-ES\/cookies.html\" target=\"_blank\" rel=\"noreferrer noopener\">Op\u00e9ra<\/a><\/li>\n<\/ul>\n\n\n\n<h3 class=\"wp-block-heading\" id=\"navegadores\">Configuration de&nbsp;<em>biscuits<\/em>&nbsp;pour les navigateurs les plus populaires<\/h3>\n\n\n\n<p>Voici comment acc\u00e9der \u00e0 un&nbsp;<em>biscuit<\/em>&nbsp;d\u00e9termin\u00e9 par le navigateur&nbsp;<strong>Chrome<\/strong>. Note : ces \u00e9tapes peuvent varier en fonction de la version de votre navigateur :<\/p>\n\n\n\n<ol class=\"wp-block-list\">\n<li>Allez dans Param\u00e8tres ou Pr\u00e9f\u00e9rences via le menu Fichier ou en cliquant sur l'ic\u00f4ne de personnalisation en haut \u00e0 droite.<\/li>\n\n\n\n<li>Vous verrez diff\u00e9rentes sections, cliquez sur l'option&nbsp;<em>Afficher les options avanc\u00e9es<\/em>.<\/li>\n\n\n\n<li>Aller \u00e0&nbsp;<em>Vie priv\u00e9e<\/em>,&nbsp;<em>Configuration du contenu<\/em>.<\/li>\n\n\n\n<li>S\u00e9lectionner&nbsp;<em>Tous les cookies et donn\u00e9es du site<\/em>.<\/li>\n\n\n\n<li>Une liste s'affiche avec tous les&nbsp;<em>biscuits<\/em>&nbsp;class\u00e9s par domaine. Pour faciliter la recherche des&nbsp;<em>biscuits<\/em>&nbsp;pour un domaine donn\u00e9, entrez une partie ou la totalit\u00e9 de l'adresse dans le champ&nbsp;<em>Recherche de cookies<\/em>.<\/li>\n\n\n\n<li>Apr\u00e8s avoir effectu\u00e9 ce filtre, une ou plusieurs lignes appara\u00eetront \u00e0 l'\u00e9cran avec la mention&nbsp;<em>biscuits<\/em>&nbsp;du site web demand\u00e9. Il ne vous reste plus qu'\u00e0 le s\u00e9lectionner et \u00e0 cliquer sur le bouton&nbsp;<em>X<\/em>&nbsp;de proc\u00e9der \u00e0 leur \u00e9limination.<\/li>\n<\/ol>\n\n\n\n<p>Pour acc\u00e9der \u00e0 la configuration de&nbsp;<em>biscuits<\/em>&nbsp;du navigateur&nbsp;<strong>Internet Explorer<\/strong>&nbsp;suivez les \u00e9tapes suivantes (elles peuvent varier en fonction de la version de votre navigateur) :<\/p>\n\n\n\n<ol class=\"wp-block-list\">\n<li>Aller \u00e0&nbsp;<em>Outils<\/em>,&nbsp;<em>Options Internet<\/em><\/li>\n\n\n\n<li>Cliquez sur&nbsp;<em>Vie priv\u00e9e<\/em>.<\/li>\n\n\n\n<li>D\u00e9placez le curseur pour d\u00e9finir le niveau de confidentialit\u00e9 souhait\u00e9.<\/li>\n<\/ol>\n\n\n\n<p>Pour acc\u00e9der \u00e0 la configuration de&nbsp;<em>biscuits<\/em>&nbsp;du navigateur&nbsp;<strong>Firefox<\/strong>&nbsp;suivez les \u00e9tapes suivantes (elles peuvent varier en fonction de la version de votre navigateur) :<\/p>\n\n\n\n<ol class=\"wp-block-list\">\n<li>Aller \u00e0&nbsp;<em>Options<\/em>&nbsp;o&nbsp;<em>Pr\u00e9f\u00e9rences<\/em>&nbsp;en fonction de votre syst\u00e8me d'exploitation.<\/li>\n\n\n\n<li>Cliquez sur&nbsp;<em>Vie priv\u00e9e<\/em>.<\/li>\n\n\n\n<li>Au&nbsp;<em>L'histoire<\/em>&nbsp;choisir&nbsp;<em>Utiliser des param\u00e8tres personnalis\u00e9s pour l'historique<\/em>.<\/li>\n\n\n\n<li>Vous verrez maintenant l'option&nbsp;<em>Accepter les cookies<\/em>Vous pouvez l'activer ou le d\u00e9sactiver selon vos pr\u00e9f\u00e9rences.<\/li>\n<\/ol>\n\n\n\n<p>Pour acc\u00e9der \u00e0 la configuration de&nbsp;<em>biscuits<\/em>&nbsp;du navigateur&nbsp;<strong>Safari pour OSX<\/strong>&nbsp;suivez les \u00e9tapes suivantes (elles peuvent varier en fonction de la version de votre navigateur) :<\/p>\n\n\n\n<ol class=\"wp-block-list\">\n<li>Aller \u00e0&nbsp;<em>Pr\u00e9f\u00e9rences<\/em>puis&nbsp;<em>Vie priv\u00e9e<\/em>.<\/li>\n\n\n\n<li>Vous verrez ici l'option&nbsp;<em>Bloquer les cookies<\/em>&nbsp;pour d\u00e9finir le type de blocage que vous souhaitez effectuer.<\/li>\n<\/ol>\n\n\n\n<p>Pour acc\u00e9der \u00e0 la configuration de&nbsp;<em>biscuits<\/em>&nbsp;du navigateur&nbsp;<strong>Safari pour iOS<\/strong>&nbsp;suivez les \u00e9tapes suivantes (elles peuvent varier en fonction de la version de votre navigateur) :<\/p>\n\n\n\n<ol class=\"wp-block-list\">\n<li>Aller \u00e0&nbsp;<em>Ajustements<\/em>puis&nbsp;<em>Safari<\/em>.<\/li>\n\n\n\n<li>Aller \u00e0&nbsp;<em>Vie priv\u00e9e et s\u00e9curit\u00e9<\/em>vous verrez l'option&nbsp;<em>Bloquer les cookies<\/em>&nbsp;pour d\u00e9finir le type de blocage que vous souhaitez effectuer.<\/li>\n<\/ol>\n\n\n\n<p>Pour acc\u00e9der \u00e0 la configuration de&nbsp;<em>biscuits<\/em>&nbsp;du navigateur pour les appareils&nbsp;<strong>Android<\/strong>&nbsp;suivez les \u00e9tapes suivantes (elles peuvent varier en fonction de la version de votre navigateur) :<\/p>\n\n\n\n<ol class=\"wp-block-list\">\n<li>Lancez le navigateur et appuyez sur la touche&nbsp;<em>Menu<\/em>puis&nbsp;<em>Ajustements<\/em>.<\/li>\n\n\n\n<li>Aller \u00e0&nbsp;<em>S\u00e9curit\u00e9 et vie priv\u00e9e<\/em>vous verrez l'option&nbsp;<em>Accepter les cookies<\/em>&nbsp;pour cocher ou d\u00e9cocher la case.<\/li>\n<\/ol>\n\n\n\n<p>Pour acc\u00e9der \u00e0 la configuration de&nbsp;<em>biscuits<\/em>&nbsp;du navigateur pour les appareils&nbsp;<strong>Windows Phone<\/strong>&nbsp;suivez les \u00e9tapes suivantes (elles peuvent varier en fonction de la version de votre navigateur) :<\/p>\n\n\n\n<ol class=\"wp-block-list\">\n<li>Ouvrir&nbsp;<em>Internet Explorer<\/em>puis&nbsp;<em>Plus d'informations<\/em>puis&nbsp;<em>Configuration<\/em><\/li>\n\n\n\n<li>Vous pouvez maintenant activer ou d\u00e9sactiver la case \u00e0 cocher&nbsp;<em>Autoriser les cookies<\/em>.<\/li>\n<\/ol>\n\n\n\n<h3 class=\"wp-block-heading\">Notes compl\u00e9mentaires<\/h3>\n\n\n\n<ul class=\"wp-block-list\">\n<li>Ni ce site web ni ses repr\u00e9sentants l\u00e9gaux ne sont responsables du contenu ou de la v\u00e9racit\u00e9 des politiques de confidentialit\u00e9 des tiers mentionn\u00e9s dans cette politique de confidentialit\u00e9.&nbsp;<em>biscuits<\/em>.<\/li>\n\n\n\n<li>Les navigateurs web sont les outils charg\u00e9s de stocker les informations qui sont stock\u00e9es dans le site web.&nbsp;<em>biscuits<\/em>&nbsp;et \u00e0 partir de l\u00e0, vous devez exercer votre droit de les supprimer ou de les d\u00e9sactiver. Ni ce site web ni ses repr\u00e9sentants l\u00e9gaux ne peuvent garantir le traitement correct ou incorrect des donn\u00e9es personnelles.&nbsp;<em>biscuits<\/em>&nbsp;par les navigateurs susmentionn\u00e9s.<\/li>\n\n\n\n<li>Dans certains cas, il est n\u00e9cessaire d'installer&nbsp;<em>biscuits<\/em>&nbsp;afin que le navigateur n'oublie pas votre d\u00e9cision de ne pas les accepter.<\/li>\n\n\n\n<li>Dans le cas de&nbsp;<em>biscuits<\/em>&nbsp;Google Analytics, cette soci\u00e9t\u00e9 stocke les&nbsp;<em>biscuits<\/em>&nbsp;sur des serveurs situ\u00e9s aux \u00c9tats-Unis et s'engage \u00e0 ne pas les communiquer \u00e0 des tiers, sauf si cela est n\u00e9cessaire au fonctionnement du syst\u00e8me ou si la loi l'exige. Selon Google, Google ne stocke pas votre adresse IP. Google Inc. est une soci\u00e9t\u00e9 qui adh\u00e8re \u00e0 l'accord Safe Harbour, qui garantit que toutes les donn\u00e9es transf\u00e9r\u00e9es seront trait\u00e9es avec un niveau de protection conforme \u00e0 la r\u00e9glementation europ\u00e9enne.<\/li>\n\n\n\n<li>Si vous avez des questions concernant cette politique de confidentialit\u00e9, n'h\u00e9sitez pas \u00e0 nous contacter.&nbsp;<em>biscuits<\/em>&nbsp;n'h\u00e9sitez pas \u00e0 nous contacter par le biais de la section contact.<\/li>\n<\/ul>\n\n\n\n<h3 class=\"wp-block-heading\">Comment accepter, rejeter ou revoir mes pr\u00e9f\u00e9rences en mati\u00e8re de cookies sur ce site ?<\/h3>\n\n\n\n<p>Je vous rappelle que&nbsp;<strong>vous pouvez toujours v\u00e9rifier vos pr\u00e9f\u00e9rences<\/strong>&nbsp;d'accepter ou non les cookies sur ce site web la prochaine fois que le message d'acceptation appara\u00eet, en les supprimant dans votre navigateur,&nbsp;<a href=\"https:\/\/casadejosediaz.com\/#gdpr_cookie_modal\" target=\"_blank\" rel=\"noopener\">en cliquant sur ce lien pour les consulter<\/a>&nbsp;ou simplement ne pas poursuivre la navigation.<\/p>","protected":false},"excerpt":{"rendered":"<p>\u00bfQu\u00e9 es una cookie? Una cookie es un fichero&nbsp;inofensivo&nbsp;que se descarga en tu ordenador al acceder a determinadas p\u00e1ginas web. Las cookies permiten a una p\u00e1gina web, entre otras cosas, almacenar y recuperar informaci\u00f3n sobre los h\u00e1bitos de navegaci\u00f3n de un usuario o de su equipo y, dependiendo de la informaci\u00f3n que contengan y de [&hellip;]<\/p>","protected":false},"author":1,"featured_media":0,"parent":0,"menu_order":0,"comment_status":"closed","ping_status":"closed","template":"","meta":{"_acf_changed":false,"inline_featured_image":false,"_joinchat":[],"footnotes":""},"class_list":["post-148","page","type-page","status-publish","hentry"],"acf":[],"_links":{"self":[{"href":"https:\/\/dmturismo.com\/fr\/wp-json\/wp\/v2\/pages\/148","targetHints":{"allow":["GET"]}}],"collection":[{"href":"https:\/\/dmturismo.com\/fr\/wp-json\/wp\/v2\/pages"}],"about":[{"href":"https:\/\/dmturismo.com\/fr\/wp-json\/wp\/v2\/types\/page"}],"author":[{"embeddable":true,"href":"https:\/\/dmturismo.com\/fr\/wp-json\/wp\/v2\/users\/1"}],"replies":[{"embeddable":true,"href":"https:\/\/dmturismo.com\/fr\/wp-json\/wp\/v2\/comments?post=148"}],"version-history":[{"count":1,"href":"https:\/\/dmturismo.com\/fr\/wp-json\/wp\/v2\/pages\/148\/revisions"}],"predecessor-version":[{"id":149,"href":"https:\/\/dmturismo.com\/fr\/wp-json\/wp\/v2\/pages\/148\/revisions\/149"}],"wp:attachment":[{"href":"https:\/\/dmturismo.com\/fr\/wp-json\/wp\/v2\/media?parent=148"}],"curies":[{"name":"wp","href":"https:\/\/api.w.org\/{rel}","templated":true}]}}