{"id":619,"date":"2023-12-15T14:57:07","date_gmt":"2023-12-15T13:57:07","guid":{"rendered":"https:\/\/dmturismo.com\/?page_id=619"},"modified":"2023-12-15T14:57:08","modified_gmt":"2023-12-15T13:57:08","slug":"accesibilidad-de-la-web","status":"publish","type":"page","link":"https:\/\/dmturismo.com\/fr\/accesibilidad-de-la-web\/","title":{"rendered":"Accessibilit\u00e9 du site web"},"content":{"rendered":"<p><a href=\"https:\/\/dmturismo.com\/fr\/\">dmtourism.com<\/a> s'engage \u00e0 adapter les contenus du site web afin que toutes les personnes, quel que soit leur handicap, leur \u00e2ge ou leur acc\u00e8s au site \u00e0 partir de technologies non conventionnelles, puissent avoir un acc\u00e8s universel \u00e0 l'ensemble des contenus de ce site web, sans rencontrer de difficult\u00e9s d'acc\u00e8s.<\/p>\n\n\n\n<p>\u00c0 cette fin, les crit\u00e8res d'accessibilit\u00e9 impliquent le respect des Web Content Accessibility Guidelines 1.0, dans son niveau double-A, \u00e9tablies par le W3C (World Wide Web Consortium), une association internationale compos\u00e9e de diff\u00e9rentes organisations publiques et priv\u00e9es qui collaborent \u00e0 l'\u00e9laboration de normes afin de promouvoir et de diffuser les bonnes pratiques en mati\u00e8re de d\u00e9veloppement Web.<\/p>\n\n\n\n<figure class=\"wp-block-image\"><a href=\"http:\/\/www.w3.org\/WAI\/WCAG1AA-Conformance\" target=\"_blank\" rel=\"noreferrer noopener\"><img decoding=\"async\" src=\"https:\/\/www.telefonica.com\/es\/wp-content\/uploads\/sites\/4\/2021\/09\/wcag1AA.gif?w=88\" alt=\"Accesibilidad W3C\" class=\"wp-image-35147\"\/><\/a><\/figure>\n\n\n\n<p>Elle adopte \u00e9galement la r\u00e9glementation en vigueur en Espagne \u00e0 cet \u00e9gard : UNE 139803:2012 \"Applications informatiques pour les personnes handicap\u00e9es : Exigences d'accessibilit\u00e9 pour les contenus web\".<\/p>\n\n\n\n<h3 class=\"wp-block-heading\" id=\"h-mejoras-incluidas\">Les am\u00e9liorations comprennent<\/h3>\n\n\n\n<p>L'adaptation des pages se fait de mani\u00e8re rigoureuse, de la plus r\u00e9cente \u00e0 la plus ancienne, avec l'intention de disposer enfin d'un portail avec le plus grand nombre possible de documents accessibles.<\/p>\n\n\n\n<p>Certaines des fonctionnalit\u00e9s de\u00a0<a href=\"https:\/\/dmturismo.com\/fr\/\">dmtourism.com<\/a>\u00a0pour permettre l'acc\u00e8s \u00e0 tous les contenus web plus facilement sont :<\/p>\n\n\n\n<ul class=\"wp-block-list\">\n<li>Les caract\u00e9ristiques visuelles du portail (police de caract\u00e8res, couleur de la police et de l'arri\u00e8re-plan, etc.) sont d\u00e9finies par la feuille de style afin que l'utilisateur puisse adapter le texte \u00e0 ses pr\u00e9f\u00e9rences.<\/li>\n\n\n\n<li>La taille des polices a \u00e9t\u00e9 d\u00e9finie avec des unit\u00e9s relatives afin que l'utilisateur puisse augmenter ou diminuer la taille des polices \u00e0 partir des options du navigateur.<\/li>\n\n\n\n<li>Si un utilisateur acc\u00e8de \u00e0\u00a0<a href=\"https:\/\/www.telefonica.es\/\" target=\"_blank\" rel=\"noreferrer noopener\"><a href=\"https:\/\/dmturismo.com\/fr\/\">dmtourism.com<\/a><\/a>\u00a0avec un navigateur qui ne prend pas en charge les feuilles de style, cela ne posera pas de probl\u00e8me, car tout le contenu reste accessible m\u00eame si la feuille de style (CSS) est d\u00e9sactiv\u00e9e.<\/li>\n\n\n\n<li>Les pages ont une structure claire, tant pour l'utilisateur qui peut voir tout le contenu que pour l'utilisateur qui lit l'information avec un lecteur d'\u00e9cran ou pour l'utilisateur qui d\u00e9sactive la feuille de style, etc. Dans le cadre de cet objectif, les en-t\u00eates de section, les listes et tous les \u00e9l\u00e9ments qui aident \u00e0 la compr\u00e9hension g\u00e9n\u00e9rale du site web ont \u00e9t\u00e9 d\u00e9finis au moyen du code HTML.<\/li>\n\n\n\n<li>Le code HTML et CSS utilis\u00e9 est conforme \u00e0 des grammaires formelles afin de garantir l'affichage correct du contenu dans diff\u00e9rents navigateurs.<\/li>\n<\/ul>\n\n\n\n<figure class=\"wp-block-image\"><a href=\"http:\/\/validator.w3.org\/check\/referer\" target=\"_blank\" rel=\"noreferrer noopener\"><img decoding=\"async\" src=\"https:\/\/www.telefonica.com\/es\/wp-content\/uploads\/sites\/4\/2021\/09\/valid-xhtml10.gif?w=88\" alt=\"Accesibilidad XHTML\" class=\"wp-image-35170\"\/><\/a><\/figure>\n\n\n\n<figure class=\"wp-block-image\"><a href=\"http:\/\/jigsaw.w3.org\/css-validator\/\" target=\"_blank\" rel=\"noreferrer noopener\"><img decoding=\"async\" src=\"https:\/\/www.telefonica.com\/es\/wp-content\/uploads\/sites\/4\/2021\/09\/vcss.gif?w=88\" alt=\"Accesibilidad CSS\" class=\"wp-image-35171\"\/><\/a><\/figure>\n\n\n\n<h3 class=\"wp-block-heading\" id=\"h-nivel-de-accesibilidad-del-sitio-web\">Niveau d'accessibilit\u00e9 du site web<\/h3>\n\n\n\n<p>Le niveau d'accessibilit\u00e9 du site web\u00a0<a href=\"https:\/\/dmturismo.com\/fr\/\">dmtourism.com<\/a>\u00a0est double A.<\/p>","protected":false},"excerpt":{"rendered":"<p>dmturismo.com tiene el compromiso de adaptar los contenidos de la web para que todas las personas, independientemente de tener una discapacidad, de la edad, o de acceder a la Web desde tecnolog\u00edas poco convencionales, puedan tener un acceso universal a todos los contenidos de este sitio Web, sin encontrar dificultades de acceso. Para ello, los [&hellip;]<\/p>","protected":false},"author":1,"featured_media":0,"parent":0,"menu_order":0,"comment_status":"closed","ping_status":"closed","template":"","meta":{"_acf_changed":false,"inline_featured_image":false,"_joinchat":[],"footnotes":""},"class_list":["post-619","page","type-page","status-publish","hentry"],"acf":[],"_links":{"self":[{"href":"https:\/\/dmturismo.com\/fr\/wp-json\/wp\/v2\/pages\/619","targetHints":{"allow":["GET"]}}],"collection":[{"href":"https:\/\/dmturismo.com\/fr\/wp-json\/wp\/v2\/pages"}],"about":[{"href":"https:\/\/dmturismo.com\/fr\/wp-json\/wp\/v2\/types\/page"}],"author":[{"embeddable":true,"href":"https:\/\/dmturismo.com\/fr\/wp-json\/wp\/v2\/users\/1"}],"replies":[{"embeddable":true,"href":"https:\/\/dmturismo.com\/fr\/wp-json\/wp\/v2\/comments?post=619"}],"version-history":[{"count":1,"href":"https:\/\/dmturismo.com\/fr\/wp-json\/wp\/v2\/pages\/619\/revisions"}],"predecessor-version":[{"id":620,"href":"https:\/\/dmturismo.com\/fr\/wp-json\/wp\/v2\/pages\/619\/revisions\/620"}],"wp:attachment":[{"href":"https:\/\/dmturismo.com\/fr\/wp-json\/wp\/v2\/media?parent=619"}],"curies":[{"name":"wp","href":"https:\/\/api.w.org\/{rel}","templated":true}]}}